{"id":35,"date":"2022-05-30T16:00:34","date_gmt":"2022-05-30T13:00:34","guid":{"rendered":"http:\/\/www.mayafix.com\/wp\/en\/?page_id=35"},"modified":"2022-06-01T11:55:53","modified_gmt":"2022-06-01T08:55:53","slug":"contact","status":"publish","type":"page","link":"http:\/\/www.mayafix.com\/en\/contact\/","title":{"rendered":"CONTACT"},"content":{"rendered":"<p>[vc_row][vc_column][\/vc_column][\/vc_row][vc_row][vc_column][vc_gmaps link=&#8221;#E-8_JTNDaWZyYW1lJTIwc3JjJTNEJTIyaHR0cHMlM0ElMkYlMkZ3d3cuZ29vZ2xlLmNvbSUyRm1hcHMlMkZlbWJlZCUzRnBiJTNEJTIxMW0xNCUyMTFtOCUyMTFtMyUyMTFkMzAwOC41ODMzMzI3MTAxMDc3JTIxMmQyOC42MzE4NjA3MzMwMzIyMjclMjEzZDQxLjA1NjI0MDA4MTc4NzExJTIxM20yJTIxMWkxMDI0JTIxMmk3NjglMjE0ZjEzLjElMjEzbTMlMjExbTIlMjExczB4MTRiNTU4ZDQwM2NjYWRmNyUyNTNBMHg3Njc5NGQ0ODUxNzBmMTUlMjEyc01heWElMjUyMEclMjVDNCUyNUIxZGElMjUyMCUyNUMzJTI1OUNyZXRpbSUyNTIwU2FuLlZlJTI1MjBUaWMuJTI1MjBMdGQuJTI1MjAlMjVDNSUyNTlFdGkuJTIxNWUwJTIxM20yJTIxMXN0ciUyMTJzdHIlMjE0djE1NzIwMzMzNTAzMDQlMjE1bTIlMjExc3RyJTIxMnN0ciUyMiUyMHdpZHRoJTNEJTIyMTAwJTI1JTIyJTIwaGVpZ2h0JTNEJTIyNDUwJTIyJTIwZnJhbWVib3JkZXIlM0QlMjIwJTIyJTIwc3R5bGUlM0QlMjJib3JkZXIlM0EwJTNCJTIyJTIwYWxsb3dmdWxsc2NyZWVuJTNEJTIyJTIyJTNFJTNDJTJGaWZyYW1lJTNF&#8221;][\/vc_column][\/vc_row][vc_row][vc_column width=&#8221;1\/2&#8243;]<div class='dt-sc-contact-info  '><h6>MAYAFIX G\u0131da Sanayi ve Ticaret A.\u015e.<\/h6><p>Osmangazi Mahallesi 3141 Sokak No:8 Esenyurt\/\u0130stanbul-T\u00dcRK\u0130YE<\/p>\n<p><strong>Tel:<\/strong> (+90) 212 623 22 34<\/p>\n<p><strong>Fax:<\/strong>(+90) 212 623 24 45<\/div>[\/vc_column][vc_column width=&#8221;1\/2&#8243;][vc_column_text]<div class=\"wpforms-container wpforms-container-full\" id=\"wpforms-67\"><form id=\"wpforms-form-67\" class=\"wpforms-validate wpforms-form wpforms-ajax-form\" data-formid=\"67\" method=\"post\" enctype=\"multipart\/form-data\" action=\"\/en\/wp-json\/wp\/v2\/pages\/35\" data-token=\"b6fe5ad10d36138b4e8ddea227b1eead\"><noscript class=\"wpforms-error-noscript\">Please enable JavaScript in your browser to complete this form.<\/noscript><div class=\"wpforms-field-container\"><div id=\"wpforms-67-field_0-container\" class=\"wpforms-field wpforms-field-name\" data-field-id=\"0\"><label class=\"wpforms-field-label\" for=\"wpforms-67-field_0\">Name <span class=\"wpforms-required-label\">*<\/span><\/label><input type=\"text\" id=\"wpforms-67-field_0\" class=\"wpforms-field-medium wpforms-field-required\" name=\"wpforms[fields][0]\" required><\/div><div id=\"wpforms-67-field_1-container\" class=\"wpforms-field wpforms-field-email\" data-field-id=\"1\"><label class=\"wpforms-field-label\" for=\"wpforms-67-field_1\">Email <span class=\"wpforms-required-label\">*<\/span><\/label><input type=\"email\" id=\"wpforms-67-field_1\" class=\"wpforms-field-medium wpforms-field-required\" name=\"wpforms[fields][1]\" required><\/div><div id=\"wpforms-67-field_2-container\" class=\"wpforms-field wpforms-field-textarea\" data-field-id=\"2\"><label class=\"wpforms-field-label\" for=\"wpforms-67-field_2\">Comment or Message <span class=\"wpforms-required-label\">*<\/span><\/label><textarea id=\"wpforms-67-field_2\" class=\"wpforms-field-medium wpforms-field-required\" name=\"wpforms[fields][2]\" required><\/textarea><\/div><\/div><div class=\"wpforms-submit-container\"><input type=\"hidden\" name=\"wpforms[id]\" value=\"67\"><input type=\"hidden\" name=\"wpforms[author]\" value=\"1\"><button type=\"submit\" name=\"wpforms[submit]\" id=\"wpforms-submit-67\" class=\"wpforms-submit\" data-alt-text=\"Sending...\" data-submit-text=\"Submit\" aria-live=\"assertive\" value=\"wpforms-submit\">Submit<\/button><img src=\"http:\/\/www.mayafix.com\/en\/wp-content\/plugins\/wpforms-lite\/assets\/images\/submit-spin.svg\" class=\"wpforms-submit-spinner\" style=\"display: none;\" width=\"26\" height=\"26\" alt=\"\"><\/div><\/form><\/div>  <!-- .wpforms-container -->[\/vc_column_text][\/vc_column][\/vc_row]<\/p>\n","protected":false},"excerpt":{"rendered":"<p>[vc_row][vc_column][\/vc_column][\/vc_row][vc_row][vc_column][vc_gmaps link=&#8221;#E-8_JTNDaWZyYW1lJTIwc3JjJTNEJTIyaHR0cHMlM0ElMkYlMkZ3d3cuZ29vZ2xlLmNvbSUyRm1hcHMlMkZlbWJlZCUzRnBiJTNEJTIxMW0xNCUyMTFtOCUyMTFtMyUyMTFkMzAwOC41ODMzMzI3MTAxMDc3JTIxMmQyOC42MzE4NjA3MzMwMzIyMjclMjEzZDQxLjA1NjI0MDA4MTc4NzExJTIxM20yJTIxMWkxMDI0JTIxMmk3NjglMjE0ZjEzLjElMjEzbTMlMjExbTIlMjExczB4MTRiNTU4ZDQwM2NjYWRmNyUyNTNBMHg3Njc5NGQ0ODUxNzBmMTUlMjEyc01heWElMjUyMEclMjVDNCUyNUIxZGElMjUyMCUyNUMzJTI1OUNyZXRpbSUyNTIwU2FuLlZlJTI1MjBUaWMuJTI1MjBMdGQuJTI1MjAlMjVDNSUyNTlFdGkuJTIxNWUwJTIxM20yJTIxMXN0ciUyMTJzdHIlMjE0djE1NzIwMzMzNTAzMDQlMjE1bTIlMjExc3RyJTIxMnN0ciUyMiUyMHdpZHRoJTNEJTIyMTAwJTI1JTIyJTIwaGVpZ2h0JTNEJTIyNDUwJTIyJTIwZnJhbWVib3JkZXIlM0QlMjIwJTIyJTIwc3R5bGUlM0QlMjJib3JkZXIlM0EwJTNCJTIyJTIwYWxsb3dmdWxsc2NyZWVuJTNEJTIyJTIyJTNFJTNDJTJGaWZyYW1lJTNF&#8221;][\/vc_column][\/vc_row][vc_row][vc_column width=&#8221;1\/2&#8243;][\/vc_column][vc_column width=&#8221;1\/2&#8243;][vc_column_text][\/vc_column_text][\/vc_column][\/vc_row]<\/p>\n","protected":false},"author":1,"featured_media":0,"parent":0,"menu_order":0,"comment_status":"closed","ping_status":"closed","template":"","meta":[],"_links":{"self":[{"href":"http:\/\/www.mayafix.com\/en\/wp-json\/wp\/v2\/pages\/35"}],"collection":[{"href":"http:\/\/www.mayafix.com\/en\/wp-json\/wp\/v2\/pages"}],"about":[{"href":"http:\/\/www.mayafix.com\/en\/wp-json\/wp\/v2\/types\/page"}],"author":[{"embeddable":true,"href":"http:\/\/www.mayafix.com\/en\/wp-json\/wp\/v2\/users\/1"}],"replies":[{"embeddable":true,"href":"http:\/\/www.mayafix.com\/en\/wp-json\/wp\/v2\/comments?post=35"}],"version-history":[{"count":2,"href":"http:\/\/www.mayafix.com\/en\/wp-json\/wp\/v2\/pages\/35\/revisions"}],"predecessor-version":[{"id":70,"href":"http:\/\/www.mayafix.com\/en\/wp-json\/wp\/v2\/pages\/35\/revisions\/70"}],"wp:attachment":[{"href":"http:\/\/www.mayafix.com\/en\/wp-json\/wp\/v2\/media?parent=35"}],"curies":[{"name":"wp","href":"https:\/\/api.w.org\/{rel}","templated":true}]}}